{"id":23,"date":"2025-08-13T18:05:59","date_gmt":"2025-08-13T18:05:59","guid":{"rendered":"http:\/\/nxuatnd.cluster100.hosting.ovh.net\/?page_id=23"},"modified":"2025-09-10T07:31:34","modified_gmt":"2025-09-10T07:31:34","slug":"about","status":"publish","type":"page","link":"https:\/\/pfpc.sn\/index.php\/about\/","title":{"rendered":"A propos"},"content":{"rendered":"<p>[et_pb_section fb_built=&#8221;1&#8243; admin_label=&#8221;Header&#8221; _builder_version=&#8221;4.27.4&#8243; _module_preset=&#8221;058ae640-8c19-4240-b4dd-fdec4b1a6dab&#8221; background_color=&#8221;#FFFFFF&#8221; background_image=&#8221;https:\/\/pfpc.sn\/wp-content\/uploads\/2025\/08\/DSC088841-scaled.jpg&#8221; background_position=&#8221;bottom_center&#8221; background_vertical_offset=&#8221;-100%&#8221; vertical_offset=&#8221;27px&#8221; min_height=&#8221;743.4px&#8221; custom_margin=&#8221;4px|||||&#8221; box_shadow_style=&#8221;preset7&#8243; box_shadow_horizontal=&#8221;0px&#8221; box_shadow_vertical=&#8221;-150px&#8221; box_shadow_color=&#8221;gcid-8c77a04c-c32d-4d46-9ca7-99c7b34f0e1a&#8221; box_shadow_vertical_tablet=&#8221;0px&#8221; box_shadow_vertical_phone=&#8221;0px&#8221; box_shadow_vertical_last_edited=&#8221;on|tablet&#8221; collapsed=&#8221;on&#8221; global_colors_info=&#8221;{%22gcid-8c77a04c-c32d-4d46-9ca7-99c7b34f0e1a%22:%91%22box_shadow_color%22%93}&#8221;][et_pb_row _builder_version=&#8221;4.27.4&#8243; _module_preset=&#8221;default&#8221; global_colors_info=&#8221;{}&#8221;][et_pb_column type=&#8221;4_4&#8243; _builder_version=&#8221;4.27.4&#8243; _module_preset=&#8221;default&#8221; global_colors_info=&#8221;{}&#8221;][et_pb_heading title=&#8221;Qui sommes-nous ?&#8221; _builder_version=&#8221;4.27.4&#8243; _module_preset=&#8221;2ea1d2e2-246e-4c09-92d2-9efbe2b6a191&#8243; title_font=&#8221;&#8211;et_global_heading_font|500|||||||&#8221; title_text_color=&#8221;#FFFFFF&#8221; vertical_offset=&#8221;24px&#8221; horizontal_offset=&#8221;-12px&#8221; global_colors_info=&#8221;{}&#8221;][\/et_pb_heading][\/et_pb_column][\/et_pb_row][et_pb_row column_structure=&#8221;1_3,2_3&#8243; make_equal=&#8221;on&#8221; _builder_version=&#8221;4.27.4&#8243; _module_preset=&#8221;default&#8221; background_size=&#8221;contain&#8221; vertical_offset=&#8221;59px&#8221; horizontal_offset=&#8221;-167px&#8221; custom_padding=&#8221;||121px|||&#8221; global_colors_info=&#8221;{}&#8221;][et_pb_column type=&#8221;1_3&#8243; _builder_version=&#8221;4.27.4&#8243; _module_preset=&#8221;default&#8221; background_image=&#8221;http:\/\/nxuatnd.cluster100.hosting.ovh.net\/wp-content\/uploads\/2025\/08\/DSC08884-scaled.jpg&#8221; background_size=&#8221;contain&#8221; border_radii=&#8221;on|20px|20px|20px|20px&#8221; global_colors_info=&#8221;{}&#8221;][et_pb_image src=&#8221;https:\/\/pfpc.sn\/wp-content\/uploads\/2025\/08\/DSC08884-scaled.jpg&#8221; title_text=&#8221;DSC08884&#8243; _builder_version=&#8221;4.27.4&#8243; _module_preset=&#8221;default&#8221; positioning=&#8221;relative&#8221; vertical_offset=&#8221;91px&#8221; hover_enabled=&#8221;0&#8243; global_colors_info=&#8221;{}&#8221; horizontal_offset=&#8221;22px&#8221; sticky_enabled=&#8221;0&#8243;][\/et_pb_image][\/et_pb_column][et_pb_column type=&#8221;2_3&#8243; _builder_version=&#8221;4.27.4&#8243; _module_preset=&#8221;default&#8221; custom_padding=&#8221;||120px||false|false&#8221; custom_padding_tablet=&#8221;||0px||false|false&#8221; custom_padding_phone=&#8221;||0px||false|false&#8221; custom_padding_last_edited=&#8221;on|tablet&#8221; global_colors_info=&#8221;{}&#8221;][et_pb_heading title=&#8221;La Plateforme des Femmes pour la Paix en Casamance (PFPC) cr\u00e9ee en 2010&#8243; _builder_version=&#8221;4.27.4&#8243; _module_preset=&#8221;d6911bfd-50c4-4751-80cd-97fd9a69ff66&#8243; title_text_color=&#8221;#FFFFFF&#8221; min_height=&#8221;113.4px&#8221; hover_enabled=&#8221;0&#8243; global_colors_info=&#8221;{}&#8221; animation_style=&#8221;flip&#8221; animation_direction=&#8221;left&#8221; animation_duration=&#8221;1200ms&#8221; animation_delay=&#8221;500ms&#8221; sticky_enabled=&#8221;0&#8243;][\/et_pb_heading][et_pb_text _builder_version=&#8221;4.27.4&#8243; _module_preset=&#8221;e65a42d7-41a1-418e-9b27-54e1bf95eb5d&#8221; text_text_color=&#8221;#FFFFFF&#8221; header_text_color=&#8221;#FFFFFF&#8221; hover_enabled=&#8221;0&#8243; global_colors_info=&#8221;{}&#8221; animation_style=&#8221;flip&#8221; animation_direction=&#8221;top&#8221; animation_duration=&#8221;1200ms&#8221; animation_delay=&#8221;500ms&#8221; sticky_enabled=&#8221;0&#8243;]<\/p>\n<p style=\"text-align: center;\">Bas\u00e9e \u00e0 Ziguinchor, elle intervient sur tout le territoire national, en GAMBIE et en GUINEE BISSAU<\/p>\n<p>[\/et_pb_text][\/et_pb_column][\/et_pb_row][\/et_pb_section][et_pb_section fb_built=&#8221;1&#8243; admin_label=&#8221;Mission&#8221; _builder_version=&#8221;4.27.4&#8243; _module_preset=&#8221;default&#8221; background_color=&#8221;#FFFFFF&#8221; min_height=&#8221;713.1px&#8221; custom_margin=&#8221;-125px|||||&#8221; custom_padding=&#8221;120px|||||&#8221; collapsed=&#8221;on&#8221; global_colors_info=&#8221;{}&#8221;][et_pb_row column_structure=&#8221;1_3,2_3&#8243; _builder_version=&#8221;4.27.4&#8243; _module_preset=&#8221;default&#8221; vertical_offset=&#8221;176px&#8221; custom_margin=&#8221;-152px|auto||auto||&#8221; global_colors_info=&#8221;{}&#8221;][et_pb_column type=&#8221;1_3&#8243; _builder_version=&#8221;4.27.4&#8243; _module_preset=&#8221;default&#8221; global_colors_info=&#8221;{}&#8221;][et_pb_image src=&#8221;https:\/\/pfpc.sn\/wp-content\/uploads\/2025\/08\/cropped-161303232_1647340332116109_8172314805265554274_n-1-Modifie.png&#8221; title_text=&#8221;cropped-161303232_1647340332116109_8172314805265554274_n-1-Modifie.png&#8221; _builder_version=&#8221;4.27.4&#8243; _module_preset=&#8221;default&#8221; hover_enabled=&#8221;0&#8243; border_radii=&#8221;on|14px|14px|14px|14px&#8221; box_shadow_style=&#8221;preset1&#8243; box_shadow_color=&#8221;gcid-secondary-color&#8221; global_colors_info=&#8221;{%22gcid-secondary-color%22:%91%22box_shadow_color%22%93}&#8221; animation_style=&#8221;flip&#8221; animation_direction=&#8221;right&#8221; animation_duration=&#8221;1250ms&#8221; animation_delay=&#8221;450ms&#8221; sticky_enabled=&#8221;0&#8243;][\/et_pb_image][\/et_pb_column][et_pb_column type=&#8221;2_3&#8243; _builder_version=&#8221;4.27.4&#8243; _module_preset=&#8221;default&#8221; global_colors_info=&#8221;{}&#8221;][et_pb_heading title=&#8221;A l\u2019occasion du 10\u00e9me anniversaire de la r\u00e9solution 1325 des Nations-Unies \u00e0 Dakar que deux importantes associations, Kabonketoor et Usoforal, prennent conscience de la n\u00e9cessit\u00e9 de rassembler et d\u2019unifier les diverses associations f\u00e9minines de la r\u00e9gion naturelle de Casamance afin d\u2019imposer la voix des femmes dans les processus de recherche de la paix. Cette prise de conscience sera \u00e0 l\u2019origine de la cr\u00e9ation, en septembre 2010, de la Plateforme des Femmes pour la Paix en Casamance. &#8221; _builder_version=&#8221;4.27.4&#8243; _module_preset=&#8221;d6911bfd-50c4-4751-80cd-97fd9a69ff66&#8243; title_font_size=&#8221;21px&#8221; hover_enabled=&#8221;0&#8243; global_colors_info=&#8221;{}&#8221; animation_style=&#8221;slide&#8221; animation_direction=&#8221;right&#8221; animation_duration=&#8221;1200ms&#8221; animation_delay=&#8221;600ms&#8221; sticky_enabled=&#8221;0&#8243;][\/et_pb_heading][et_pb_text _builder_version=&#8221;4.27.4&#8243; _module_preset=&#8221;default&#8221; custom_margin=&#8221;-32px|||||&#8221; hover_enabled=&#8221;0&#8243; global_colors_info=&#8221;{}&#8221; animation_style=&#8221;flip&#8221; animation_direction=&#8221;bottom&#8221; animation_duration=&#8221;1200ms&#8221; animation_delay=&#8221;450ms&#8221; sticky_enabled=&#8221;0&#8243;]<\/p>\n<p><span>D\u2019abord structure informelle de concertation et de dialogue, la PFPC devient rapidement une organisation incontournable dans le processus de recherche de la paix en Casamance. Elle regroupe aujourd\u2019hui 15 organisations faiti\u00e8res de femmes et compte quelques 25.000 membres r\u00e9partis \u00e0 travers la Casamance naturelle (Ziguinchor, S\u00e9dhiou et Kolda) et des points focaux dans l\u2019ensemble des r\u00e9gions du S\u00e9n\u00e9gal. La vocation de la PFPC est de r\u00e9unir les \u00e9nergies, les comp\u00e9tences et les expertises de chacune de ses associations membres afin de proposer des solutions concr\u00e8tes et pertinentes pour mettre un terme \u00e0 la crise du S\u00e9n\u00e9gal en Casamance.<\/span><\/p>\n<p>[\/et_pb_text][\/et_pb_column][\/et_pb_row][et_pb_row _builder_version=&#8221;4.27.4&#8243; _module_preset=&#8221;default&#8221; vertical_offset=&#8221;305px&#8221; global_colors_info=&#8221;{}&#8221;][et_pb_column type=&#8221;4_4&#8243; _builder_version=&#8221;4.27.4&#8243; _module_preset=&#8221;default&#8221; global_colors_info=&#8221;{}&#8221;][et_pb_heading title=&#8221;La strat\u00e9gie d\u2019intervention de la Plateforme des Femmes pour la Paix en Casamance (PFPC) est d\u00e9finie autour de trois axes d\u2019intervention qui s\u2019articulent et se d\u00e9veloppent ensemble.&#8221; _builder_version=&#8221;4.27.4&#8243; _module_preset=&#8221;default&#8221; title_font=&#8221;&#8211;et_global_heading_font||||||||&#8221; title_text_align=&#8221;center&#8221; title_font_size=&#8221;20px&#8221; vertical_offset=&#8221;-42px&#8221; hover_enabled=&#8221;0&#8243; global_colors_info=&#8221;{}&#8221; animation_style=&#8221;zoom&#8221; animation_delay=&#8221;350ms&#8221; sticky_enabled=&#8221;0&#8243;][\/et_pb_heading][\/et_pb_column][\/et_pb_row][et_pb_row column_structure=&#8221;1_3,1_3,1_3&#8243; make_equal=&#8221;on&#8221; _builder_version=&#8221;4.27.4&#8243; _module_preset=&#8221;default&#8221; vertical_offset=&#8221;264px&#8221; hover_enabled=&#8221;0&#8243; locked=&#8221;off&#8221; global_colors_info=&#8221;{}&#8221; animation_style=&#8221;fold&#8221; animation_direction=&#8221;top&#8221; animation_delay=&#8221;400ms&#8221; sticky_enabled=&#8221;0&#8243;][et_pb_column type=&#8221;1_3&#8243; saved_specialty_column_type=&#8221;2_3&#8243; _builder_version=&#8221;4.27.4&#8243; _module_preset=&#8221;default&#8221; custom_padding=&#8221;|||30px|false|false&#8221; border_color_all=&#8221;gcid-primary-color&#8221; border_width_left=&#8221;1px&#8221; global_colors_info=&#8221;{%22gcid-primary-color%22:%91%22border_color_all%22%93}&#8221;][et_pb_blurb title=&#8221;Dialogue&#8221; use_icon=&#8221;on&#8221; font_icon=&#8221;&#xf4c4;||fa||900&#8243; icon_color=&#8221;gcid-primary-color&#8221; icon_placement=&#8221;top&#8221; _builder_version=&#8221;4.27.4&#8243; _module_preset=&#8221;3cda5334-2998-44cf-b0b4-71f7b860866d&#8221; global_colors_info=&#8221;{%22gcid-primary-color%22:%91%22body_quote_text_color%22,%22icon_color%22%93}&#8221;]<\/p>\n<p><span>Relancer le dialogue entre l\u2019Etat et le MFDC afin de promouvoir la reprise de n\u00e9gociations larges et inclusives pour un retour d\u00e9finitif de la paix en Casamance.<\/span><\/p>\n<p>[\/et_pb_blurb][\/et_pb_column][et_pb_column type=&#8221;1_3&#8243; saved_specialty_column_type=&#8221;2_3&#8243; _builder_version=&#8221;4.27.4&#8243; _module_preset=&#8221;default&#8221; custom_padding=&#8221;|||30px|false|false&#8221; border_color_all=&#8221;gcid-primary-color&#8221; border_width_left=&#8221;1px&#8221; global_colors_info=&#8221;{%22gcid-primary-color%22:%91%22border_color_all%22%93}&#8221;][et_pb_blurb title=&#8221;Lutte&#8221; use_icon=&#8221;on&#8221; font_icon=&#8221;&#xf6de;||fa||900&#8243; icon_color=&#8221;gcid-primary-color&#8221; icon_placement=&#8221;top&#8221; _builder_version=&#8221;4.27.4&#8243; _module_preset=&#8221;3cda5334-2998-44cf-b0b4-71f7b860866d&#8221; locked=&#8221;off&#8221; global_colors_info=&#8221;{%22gcid-primary-color%22:%91%22body_quote_text_color%22,%22icon_color%22%93}&#8221;]<\/p>\n<p><span>Lutter contre les violences exerc\u00e9es sur les populations civiles par les porteurs d\u2019armes.<\/span><\/p>\n<p>[\/et_pb_blurb][\/et_pb_column][et_pb_column type=&#8221;1_3&#8243; saved_specialty_column_type=&#8221;2_3&#8243; _builder_version=&#8221;4.27.4&#8243; _module_preset=&#8221;default&#8221; custom_padding=&#8221;|||30px|false|false&#8221; border_color_all=&#8221;gcid-primary-color&#8221; border_width_left=&#8221;1px&#8221; global_colors_info=&#8221;{%22gcid-primary-color%22:%91%22border_color_all%22%93}&#8221;][et_pb_blurb title=&#8221;Renforcement&#8221; use_icon=&#8221;on&#8221; font_icon=&#8221;&#xf201;||fa||900&#8243; icon_color=&#8221;gcid-primary-color&#8221; icon_placement=&#8221;top&#8221; _builder_version=&#8221;4.27.4&#8243; _module_preset=&#8221;3cda5334-2998-44cf-b0b4-71f7b860866d&#8221; locked=&#8221;off&#8221; global_colors_info=&#8221;{%22gcid-primary-color%22:%91%22body_quote_text_color%22,%22icon_color%22%93}&#8221;]<\/p>\n<p><span>Renforcer les capacit\u00e9s organisationnelles et institutionnelles de la PFPC afin d\u2019en faire un acteur dynamique de la soci\u00e9t\u00e9 civile en faveur de l\u2019\u00e9galit\u00e9 des genres dans les processus de recherche de la paix.<\/span><\/p>\n<p>[\/et_pb_blurb][\/et_pb_column][\/et_pb_row][\/et_pb_section][et_pb_section fb_built=&#8221;1&#8243; admin_label=&#8221;Stats&#8221; _builder_version=&#8221;4.27.4&#8243; _module_preset=&#8221;default&#8221; background_color=&#8221;#FFFFFF&#8221; vertical_offset=&#8221;-94px&#8221; min_height=&#8221;351.6px&#8221; height=&#8221;580px&#8221; custom_margin=&#8221;174px|||||&#8221; custom_padding=&#8221;77px||115px|||&#8221; collapsed=&#8221;on&#8221; global_colors_info=&#8221;{}&#8221;][et_pb_row column_structure=&#8221;3_4,1_4&#8243; _builder_version=&#8221;4.27.4&#8243; _module_preset=&#8221;default&#8221; vertical_offset=&#8221;119px&#8221; hover_enabled=&#8221;0&#8243; global_colors_info=&#8221;{}&#8221; sticky_enabled=&#8221;0&#8243;][et_pb_column type=&#8221;3_4&#8243; _builder_version=&#8221;4.27.4&#8243; _module_preset=&#8221;default&#8221; global_colors_info=&#8221;{}&#8221;][et_pb_testimonial author=&#8221;Mme Faye Khadidiatou Rassoul Gueye &#8221; job_title=&#8221;Charg\u00e9e de projets Plateforme des femmes pour la Paix en Casamance (PFPC)&#8221; quote_icon=&#8221;off&#8221; _builder_version=&#8221;4.27.4&#8243; _module_preset=&#8221;b1b6a856-c037-4f84-9490-58ee3e062f98&#8243; body_font=&#8221;&#8211;et_global_heading_font|&#8211;et_global_heading_font_weight|||||||&#8221; body_text_color=&#8221;gcid-heading-color&#8221; body_font_size=&#8221;34px&#8221; body_line_height=&#8221;1.3em&#8221; custom_margin=&#8221;|-363px|0px|||&#8221; custom_padding=&#8221;|0px||||&#8221; hover_enabled=&#8221;0&#8243; body_font_size_tablet=&#8221;26px&#8221; body_font_size_phone=&#8221;22px&#8221; body_font_size_last_edited=&#8221;on|desktop&#8221; global_colors_info=&#8221;{%22gcid-primary-color%22:%91%22body_quote_text_color%22,%22quote_text_color%22%93,%22gcid-heading-color%22:%91%22author_text_color%22,%22body_text_color%22%93,%22gcid-secondary-color%22:%91%22quote_icon_color%22%93}&#8221; sticky_enabled=&#8221;0&#8243;]<\/p>\n<p>&#8220;Plus de 500 acteurs communautaires y compris des hommes religieux form\u00e9s sur l\u2019\u00e9coute active et la gestion des cas de VBG et 150 acteurs (membres des ONG, communicateurs traditionnels, leaders religieux, badienu gox) form\u00e9s sur la pr\u00e9vention et la PEC des fistules obst\u00e9tricales.<br \/>1251 femmes et adolescentes survivantes de violence prise en charge par Kullimaaroo et les dirigeantes de discussion. Plus de 50 femmes porteuses de fistules obstetricales identifi\u00e9es\u00a0pour\u00a0traitement.&#8221;<\/p>\n<p>[\/et_pb_testimonial][\/et_pb_column][et_pb_column type=&#8221;1_4&#8243; _builder_version=&#8221;4.27.4&#8243; _module_preset=&#8221;default&#8221; global_colors_info=&#8221;{}&#8221;][\/et_pb_column][\/et_pb_row][\/et_pb_section]<\/p>\n","protected":false},"excerpt":{"rendered":"<p>Bas\u00e9e \u00e0 Ziguinchor, elle intervient sur tout le territoire national, en GAMBIE et en GUINEE BISSAUD\u2019abord structure informelle de concertation et de dialogue, la PFPC devient rapidement une organisation incontournable dans le processus de recherche de la paix en Casamance. Elle regroupe aujourd\u2019hui 15 organisations faiti\u00e8res de femmes et compte quelques 25.000 membres r\u00e9partis \u00e0 [&hellip;]<\/p>\n","protected":false},"author":1,"featured_media":0,"parent":0,"menu_order":0,"comment_status":"closed","ping_status":"closed","template":"","meta":{"_et_pb_use_builder":"on","_et_pb_old_content":"","_et_gb_content_width":"","footnotes":""},"class_list":["post-23","page","type-page","status-publish","hentry"],"_links":{"self":[{"href":"https:\/\/pfpc.sn\/index.php\/wp-json\/wp\/v2\/pages\/23","targetHints":{"allow":["GET"]}}],"collection":[{"href":"https:\/\/pfpc.sn\/index.php\/wp-json\/wp\/v2\/pages"}],"about":[{"href":"https:\/\/pfpc.sn\/index.php\/wp-json\/wp\/v2\/types\/page"}],"author":[{"embeddable":true,"href":"https:\/\/pfpc.sn\/index.php\/wp-json\/wp\/v2\/users\/1"}],"replies":[{"embeddable":true,"href":"https:\/\/pfpc.sn\/index.php\/wp-json\/wp\/v2\/comments?post=23"}],"version-history":[{"count":14,"href":"https:\/\/pfpc.sn\/index.php\/wp-json\/wp\/v2\/pages\/23\/revisions"}],"predecessor-version":[{"id":428,"href":"https:\/\/pfpc.sn\/index.php\/wp-json\/wp\/v2\/pages\/23\/revisions\/428"}],"wp:attachment":[{"href":"https:\/\/pfpc.sn\/index.php\/wp-json\/wp\/v2\/media?parent=23"}],"curies":[{"name":"wp","href":"https:\/\/api.w.org\/{rel}","templated":true}]}}